{"id":10509,"date":"2024-10-28T12:58:14","date_gmt":"2024-10-28T10:58:14","guid":{"rendered":"https:\/\/store.insparya.es\/?post_type=product&#038;p=10509"},"modified":"2024-10-28T17:43:46","modified_gmt":"2024-10-28T15:43:46","slug":"4geninsparya","status":"publish","type":"product","link":"https:\/\/store.insparya.es\/?product=4geninsparya","title":{"rendered":"4GenInsparya\u00ae"},"content":{"rendered":"","protected":false},"excerpt":{"rendered":"<div>\n<p><b>4Genlnsparya\u00ae<\/b>\u00a0es un\u00a0dispositivo personal\u00a0de\u00a0<b>uso dom\u00e9stico<\/b>\u00a0para la\u00a0estimulaci\u00f3n\u00a0del cuero cabelludo que ayuda a\u00a0mejorar el grosor y la densidad del cabello.\u00a0Proporciona al\u00a0cuero cabelludo\u00a0m\u00faltiples formas de estimulaci\u00f3n: f\u00edsica, el\u00e9ctrica y \u00f3ptica. Funciona con un cartucho, el cual, es la pieza que entra en\u00a0contacto con el cuero cabelludo y proporciona la estimulaci\u00f3n.<\/p>\n<div>\n<p>4Genlnsparya\u00ae\u00a0utiliza\u00a0PCLT \u2013 Terapia L\u00e1ser de Corriente Puntiforme \u2013\u00a0dise\u00f1ado para\u00a0tratar la calvicie, el debilitamiento del cabello y la ca\u00edda del pelo\u00a0tanto en\u00a0<b>hombres<\/b>\u00a0como en\u00a0<b>mujeres<\/b>.<\/p>\n<\/div>\n<\/div>\n<div>\n<p>Combina\u00a04 mecanismos de tratamiento diferentes\u00a0que trabajan conjuntamente para rejuvenecer los fol\u00edculos pilosos en una\u00a0terapia diaria de 5 a 8 minutos.<\/p>\n<\/div>\n","protected":false},"featured_media":10510,"comment_status":"closed","ping_status":"closed","template":"","meta":{"content-type":""},"product_brand":[],"product_cat":[191],"product_tag":[197],"class_list":{"0":"post-10509","1":"product","2":"type-product","3":"status-publish","4":"has-post-thumbnail","6":"product_cat-tratamientos","7":"product_tag-tratamiento","9":"first","10":"instock","11":"taxable","12":"shipping-taxable","13":"purchasable","14":"product-type-simple"},"jetpack_sharing_enabled":true,"_links":{"self":[{"href":"https:\/\/store.insparya.es\/index.php?rest_route=\/wp\/v2\/product\/10509","targetHints":{"allow":["GET"]}}],"collection":[{"href":"https:\/\/store.insparya.es\/index.php?rest_route=\/wp\/v2\/product"}],"about":[{"href":"https:\/\/store.insparya.es\/index.php?rest_route=\/wp\/v2\/types\/product"}],"replies":[{"embeddable":true,"href":"https:\/\/store.insparya.es\/index.php?rest_route=%2Fwp%2Fv2%2Fcomments&post=10509"}],"wp:featuredmedia":[{"embeddable":true,"href":"https:\/\/store.insparya.es\/index.php?rest_route=\/wp\/v2\/media\/10510"}],"wp:attachment":[{"href":"https:\/\/store.insparya.es\/index.php?rest_route=%2Fwp%2Fv2%2Fmedia&parent=10509"}],"wp:term":[{"taxonomy":"product_brand","embeddable":true,"href":"https:\/\/store.insparya.es\/index.php?rest_route=%2Fwp%2Fv2%2Fproduct_brand&post=10509"},{"taxonomy":"product_cat","embeddable":true,"href":"https:\/\/store.insparya.es\/index.php?rest_route=%2Fwp%2Fv2%2Fproduct_cat&post=10509"},{"taxonomy":"product_tag","embeddable":true,"href":"https:\/\/store.insparya.es\/index.php?rest_route=%2Fwp%2Fv2%2Fproduct_tag&post=10509"}],"curies":[{"name":"wp","href":"https:\/\/api.w.org\/{rel}","templated":true}]}}