{"id":11164,"date":"2025-12-12T14:53:23","date_gmt":"2025-12-12T12:53:23","guid":{"rendered":"https:\/\/store.insparya.es\/?post_type=product&#038;p=11164"},"modified":"2025-12-22T12:45:34","modified_gmt":"2025-12-22T10:45:34","slug":"n0-loss-serum","status":"publish","type":"product","link":"https:\/\/store.insparya.es\/?product=n0-loss-serum","title":{"rendered":"N0 Loss Serum"},"content":{"rendered":"","protected":false},"excerpt":{"rendered":"<h2><span style=\"color: #bc955c\">N0 Loss <\/span><strong data-start=\"117\" data-end=\"134\">Serum by Insparya<\/strong><\/h2>\n<h3><strong data-start=\"137\" data-end=\"187\">S\u00e9rum intensivo antica\u00edda con acci\u00f3n combinada<\/strong><\/h3>\n<p data-start=\"189\" data-end=\"544\">El N0 Loss Serum es un s\u00e9rum capilar de uso diario que ayuda a <strong data-start=\"252\" data-end=\"273\">prevenir la ca\u00edda<\/strong>, <strong data-start=\"275\" data-end=\"302\">estimula el crecimiento<\/strong> y <strong data-start=\"305\" data-end=\"326\">fortalece el pelo<\/strong> desde la ra\u00edz. Indicado para quienes notan ca\u00edda del pelo o menor densidad capilar, y buscan un cuidado diario que fortalezca el pelo y estimule su crecimiento natural.<\/p>\n<p data-start=\"0\" data-end=\"25\">Principales beneficios:<\/p>\n<ul>\n<li data-start=\"27\" data-end=\"205\">Bloquea la hormona responsable de la ca\u00edda del pelo, apoyado en la tecnolog\u00eda Procapil\u2122 y en la acci\u00f3n del Zinc y del Cobre, que protegen y refuerzan el fol\u00edculo desde la ra\u00edz.<\/li>\n<li data-start=\"27\" data-end=\"205\">Estimula el crecimiento de nuevos pelos gracias al poder revitalizante de Capilia Longa\u2122, Ginseng y Ginkgo Biloba, que reactivan los fol\u00edculos y estimulan la microcirculaci\u00f3n.<\/li>\n<li data-start=\"27\" data-end=\"205\">Fortalece y aumenta la densidad del pelo gracias a la acci\u00f3n de la Biotina y de los Amino\u00e1cidos, esenciales para la s\u00edntesis de Queratina.<\/li>\n<li data-start=\"27\" data-end=\"205\">Mejora el equilibrio y la resistencia del cuero cabelludo con el apoyo del complejo antioxidante Sangmodan\u2122, que reduce la inflamaci\u00f3n y el estr\u00e9s oxidativo.<\/li>\n<\/ul>\n<p data-start=\"608\" data-end=\"816\" data-is-last-node=\"\" data-is-only-node=\"\"><strong>Nuestra f\u00f3rmula contiene:<\/strong> Procapil\u2122; Capilia Longa\u2122; Sangmodan; Biotina, Niacinamida, Pantenol, Vitaminas B2, B12, B5, B9; Ciste\u00edna y Metionina; Extractos vegetales (Ginseng, Ginkgo Biloba, Houttuynia Cordata)<\/p>\n","protected":false},"featured_media":11177,"comment_status":"closed","ping_status":"closed","template":"","meta":{"content-type":""},"product_brand":[],"product_cat":[215],"product_tag":[219,217,211,176,220,184,218,221,172,216,190,194],"class_list":{"0":"post-11164","1":"product","2":"type-product","3":"status-publish","4":"has-post-thumbnail","6":"product_cat-novedad","7":"product_tag-aminoacidos","8":"product_tag-anticaida","9":"product_tag-antinflamatorio","10":"product_tag-estimulador-crecimiento","11":"product_tag-extractos-vegetales","12":"product_tag-fortalecedor","13":"product_tag-minerales","14":"product_tag-peptidos-bioactivos","15":"product_tag-reparador","16":"product_tag-serum","17":"product_tag-uso-frecuente","18":"product_tag-vitaminas","20":"first","21":"instock","22":"taxable","23":"shipping-taxable","24":"purchasable","25":"product-type-simple"},"jetpack_sharing_enabled":true,"_links":{"self":[{"href":"https:\/\/store.insparya.es\/index.php?rest_route=\/wp\/v2\/product\/11164","targetHints":{"allow":["GET"]}}],"collection":[{"href":"https:\/\/store.insparya.es\/index.php?rest_route=\/wp\/v2\/product"}],"about":[{"href":"https:\/\/store.insparya.es\/index.php?rest_route=\/wp\/v2\/types\/product"}],"replies":[{"embeddable":true,"href":"https:\/\/store.insparya.es\/index.php?rest_route=%2Fwp%2Fv2%2Fcomments&post=11164"}],"wp:featuredmedia":[{"embeddable":true,"href":"https:\/\/store.insparya.es\/index.php?rest_route=\/wp\/v2\/media\/11177"}],"wp:attachment":[{"href":"https:\/\/store.insparya.es\/index.php?rest_route=%2Fwp%2Fv2%2Fmedia&parent=11164"}],"wp:term":[{"taxonomy":"product_brand","embeddable":true,"href":"https:\/\/store.insparya.es\/index.php?rest_route=%2Fwp%2Fv2%2Fproduct_brand&post=11164"},{"taxonomy":"product_cat","embeddable":true,"href":"https:\/\/store.insparya.es\/index.php?rest_route=%2Fwp%2Fv2%2Fproduct_cat&post=11164"},{"taxonomy":"product_tag","embeddable":true,"href":"https:\/\/store.insparya.es\/index.php?rest_route=%2Fwp%2Fv2%2Fproduct_tag&post=11164"}],"curies":[{"name":"wp","href":"https:\/\/api.w.org\/{rel}","templated":true}]}}