{"id":11165,"date":"2025-12-12T16:09:10","date_gmt":"2025-12-12T14:09:10","guid":{"rendered":"https:\/\/store.insparya.es\/?post_type=product&#038;p=11165"},"modified":"2025-12-22T12:45:26","modified_gmt":"2025-12-22T10:45:26","slug":"protect-mask","status":"publish","type":"product","link":"https:\/\/store.insparya.es\/?product=protect-mask","title":{"rendered":"Protect Mask"},"content":{"rendered":"","protected":false},"excerpt":{"rendered":"<h2><span style=\"color: #bc955c\">Protect<\/span><strong data-start=\"86\" data-end=\"102\">\u00a0Mask by Insparya<\/strong><\/h2>\n<h3><strong data-start=\"105\" data-end=\"138\">Mascarilla capilar 7 acciones<\/strong><\/h3>\n<p>La Protect Mask es una mascarilla 7 en 1 que<strong> hidrata en profundidad, repara da\u00f1os y refuerza el pelo.<\/strong> Indicado para pelos fr\u00e1giles, da\u00f1ados o expuestos al sol, al calor o al mar, despu\u00e9s de un trasplante capilar o siempre que se desee un pelo m\u00e1s fuerte, suave y luminoso.<\/p>\n<div class=\"pointer-events-none h-px w-px absolute bottom-0\" aria-hidden=\"true\" data-edge=\"true\"><\/div>\n<p><strong>Principales beneficios<\/strong><\/p>\n<ul>\n<li data-start=\"27\" data-end=\"581\">Hidrata en profundidad y mejora el brillo gracias a la acci\u00f3n del aceite de Crambe Abisinia, protegiendo el pelo del calor, los rayos UV y el agua del mar.<\/li>\n<li data-start=\"27\" data-end=\"581\">Repara las puntas abiertas, controla el \u201cfrizz\u201d y fortalece la fibra capilar con la manteca de Murumuru, previniendo la rotura.<\/li>\n<li data-start=\"27\" data-end=\"581\">Ofrece protecci\u00f3n m\u00faltiple de la fibra capilar: t\u00e9rmica, UV, color y agresiones externas.<\/li>\n<li data-start=\"27\" data-end=\"581\">Promueve un pelo y cuero cabelludo saludables en cualquier entorno.<\/li>\n<li data-start=\"27\" data-end=\"581\">Proporciona acci\u00f3n anti-edad, preservando la fibra joven, suave y resistente al desgaste diario.<\/li>\n<\/ul>\n<p data-start=\"583\" data-end=\"747\" data-is-last-node=\"\" data-is-only-node=\"\"><strong>Nuestra f\u00f3rmula contiene<\/strong>: Manteca de Murumuru; Aceite de Crambe Abisinia<span style=\"font-size: 1rem\" data-start=\"1935\" data-end=\"1964\">; <\/span>Prote\u00ednas de trigo; Vitamina E; Queratina vegetal (quinoa, soja, ma\u00edz)<span style=\"font-size: 1rem\">; <\/span>Aloe Vera y Avena<span style=\"font-size: 1rem\">.<\/span><\/p>\n","protected":false},"featured_media":11178,"comment_status":"closed","ping_status":"closed","template":"","meta":{"content-type":""},"product_brand":[],"product_cat":[215],"product_tag":[193,183,184,185,186,173,172],"class_list":{"0":"post-11165","1":"product","2":"type-product","3":"status-publish","4":"has-post-thumbnail","6":"product_cat-novedad","7":"product_tag-anti-oxidante","8":"product_tag-calmante","9":"product_tag-fortalecedor","10":"product_tag-hidratante","11":"product_tag-proteccion","12":"product_tag-regenerador","13":"product_tag-reparador","15":"first","16":"instock","17":"taxable","18":"shipping-taxable","19":"purchasable","20":"product-type-simple"},"jetpack_sharing_enabled":true,"_links":{"self":[{"href":"https:\/\/store.insparya.es\/index.php?rest_route=\/wp\/v2\/product\/11165","targetHints":{"allow":["GET"]}}],"collection":[{"href":"https:\/\/store.insparya.es\/index.php?rest_route=\/wp\/v2\/product"}],"about":[{"href":"https:\/\/store.insparya.es\/index.php?rest_route=\/wp\/v2\/types\/product"}],"replies":[{"embeddable":true,"href":"https:\/\/store.insparya.es\/index.php?rest_route=%2Fwp%2Fv2%2Fcomments&post=11165"}],"wp:featuredmedia":[{"embeddable":true,"href":"https:\/\/store.insparya.es\/index.php?rest_route=\/wp\/v2\/media\/11178"}],"wp:attachment":[{"href":"https:\/\/store.insparya.es\/index.php?rest_route=%2Fwp%2Fv2%2Fmedia&parent=11165"}],"wp:term":[{"taxonomy":"product_brand","embeddable":true,"href":"https:\/\/store.insparya.es\/index.php?rest_route=%2Fwp%2Fv2%2Fproduct_brand&post=11165"},{"taxonomy":"product_cat","embeddable":true,"href":"https:\/\/store.insparya.es\/index.php?rest_route=%2Fwp%2Fv2%2Fproduct_cat&post=11165"},{"taxonomy":"product_tag","embeddable":true,"href":"https:\/\/store.insparya.es\/index.php?rest_route=%2Fwp%2Fv2%2Fproduct_tag&post=11165"}],"curies":[{"name":"wp","href":"https:\/\/api.w.org\/{rel}","templated":true}]}}