{"id":18,"date":"2020-05-12T21:52:08","date_gmt":"2020-05-12T19:52:08","guid":{"rendered":"https:\/\/store.insparya.es\/?post_type=product&#038;p=18"},"modified":"2026-01-05T11:22:41","modified_gmt":"2026-01-05T09:22:41","slug":"champu-anti-oleosidad","status":"publish","type":"product","link":"https:\/\/store.insparya.es\/?product=champu-anti-oleosidad","title":{"rendered":"Champ\u00fa antigrasa"},"content":{"rendered":"","protected":false},"excerpt":{"rendered":"<div class=\"elementor-element elementor-element-24d778a elementor-widget elementor-widget-heading\" data-id=\"24d778a\" data-element_type=\"widget\" data-widget_type=\"heading.default\">\n<div class=\"elementor-widget-container\">\n<div class=\"elementor-element elementor-element-15cab1d elementor-widget elementor-widget-heading\" data-id=\"15cab1d\" data-element_type=\"widget\" data-widget_type=\"heading.default\">\n<div class=\"elementor-widget-container\">\n<h2 class=\"elementor-heading-title elementor-size-default\"><span style=\"color: #bc955c\">No Grease<\/span> by Insparya<\/h2>\n<\/div>\n<\/div>\n<div class=\"elementor-element elementor-element-f43a78e elementor-widget elementor-widget-text-editor\" data-id=\"f43a78e\" data-element_type=\"widget\" data-widget_type=\"text-editor.default\">\n<div class=\"elementor-widget-container\">\n<div class=\"elementor-text-editor elementor-clearfix\">\n<p>&#8211; Formulado con <strong>aceite esencial de \u00e1rbol de t\u00e9, agentes refrescantes y algas marinas<\/strong><br \/>\n&#8211; Ayuda a <b>liberar la dermis del exceso de sebo<\/b><br \/>\n&#8211; Contribuye a una <strong>mejor oxigenaci\u00f3n<\/strong> de la piel y cabello<br \/>\n&#8211; <strong>Hidratante<\/strong><br \/>\n&#8211; <strong>Refrescante<\/strong><\/p>\n<p style=\"text-align: justify\"><strong>Champ\u00fa antigrasa<\/strong>. Con aceite esencial de \u00e1rbol del t\u00e9, agentes refrescantes y algas marinas. Las propiedades antif\u00fangicas y antimicrobianas del aceite del \u00e1rbol del t\u00e9, tratan la dermatitis seborreica, a la vez que hidrata el cabello y cuero cabelludo, previniendo tambi\u00e9n la acumulaci\u00f3n de exceso de grasa. Su uso regular ayuda a liberar la dermis del exceso de sebo, contribuyendo a una mejor oxigenaci\u00f3n de la piel y del cabello. Todas estas caracter\u00edsticas hacen del Insparya No Grease el <strong>mejor champ\u00fa antigrasa<\/strong> que puedes utilizar.<\/p>\n<\/div>\n<\/div>\n<\/div>\n<\/div>\n<\/div>\n","protected":false},"featured_media":10784,"comment_status":"closed","ping_status":"closed","template":"","meta":{"content-type":""},"product_brand":[],"product_cat":[209],"product_tag":[179,178,200,210,185,180,187],"class_list":{"0":"post-18","1":"product","2":"type-product","3":"status-publish","4":"has-post-thumbnail","6":"product_cat-champu","7":"product_tag-anti-olosidad","8":"product_tag-anti-seborrea","9":"product_tag-champu","10":"product_tag-champu-antigrasa","11":"product_tag-hidratante","12":"product_tag-oxigenador","13":"product_tag-refrescante","15":"first","16":"instock","17":"taxable","18":"shipping-taxable","19":"purchasable","20":"product-type-simple"},"jetpack_sharing_enabled":true,"_links":{"self":[{"href":"https:\/\/store.insparya.es\/index.php?rest_route=\/wp\/v2\/product\/18","targetHints":{"allow":["GET"]}}],"collection":[{"href":"https:\/\/store.insparya.es\/index.php?rest_route=\/wp\/v2\/product"}],"about":[{"href":"https:\/\/store.insparya.es\/index.php?rest_route=\/wp\/v2\/types\/product"}],"replies":[{"embeddable":true,"href":"https:\/\/store.insparya.es\/index.php?rest_route=%2Fwp%2Fv2%2Fcomments&post=18"}],"wp:featuredmedia":[{"embeddable":true,"href":"https:\/\/store.insparya.es\/index.php?rest_route=\/wp\/v2\/media\/10784"}],"wp:attachment":[{"href":"https:\/\/store.insparya.es\/index.php?rest_route=%2Fwp%2Fv2%2Fmedia&parent=18"}],"wp:term":[{"taxonomy":"product_brand","embeddable":true,"href":"https:\/\/store.insparya.es\/index.php?rest_route=%2Fwp%2Fv2%2Fproduct_brand&post=18"},{"taxonomy":"product_cat","embeddable":true,"href":"https:\/\/store.insparya.es\/index.php?rest_route=%2Fwp%2Fv2%2Fproduct_cat&post=18"},{"taxonomy":"product_tag","embeddable":true,"href":"https:\/\/store.insparya.es\/index.php?rest_route=%2Fwp%2Fv2%2Fproduct_tag&post=18"}],"curies":[{"name":"wp","href":"https:\/\/api.w.org\/{rel}","templated":true}]}}