{"id":21,"date":"2020-05-12T21:54:08","date_gmt":"2020-05-12T19:54:08","guid":{"rendered":"https:\/\/store.insparya.es\/?post_type=product&#038;p=21"},"modified":"2026-01-05T11:22:53","modified_gmt":"2026-01-05T09:22:53","slug":"champu-anticaida","status":"publish","type":"product","link":"https:\/\/store.insparya.es\/?product=champu-anticaida","title":{"rendered":"Champ\u00fa antica\u00edda"},"content":{"rendered":"","protected":false},"excerpt":{"rendered":"<div class=\"elementor-element elementor-element-15cab1d elementor-widget elementor-widget-heading\" data-id=\"15cab1d\" data-element_type=\"widget\" data-widget_type=\"heading.default\">\n<div class=\"elementor-widget-container\">\n<h2 class=\"elementor-heading-title elementor-size-default\"><span style=\"color: #bc955c\">Prevent-HA<\/span> by Insparya<\/h2>\n<\/div>\n<\/div>\n<div class=\"elementor-element elementor-element-f43a78e elementor-widget elementor-widget-text-editor\" data-id=\"f43a78e\" data-element_type=\"widget\" data-widget_type=\"text-editor.default\">\n<div class=\"elementor-widget-container\">\n<div class=\"elementor-text-editor elementor-clearfix\">\n<p>&#8211; Formulado con <strong>\u00e1cido hialur\u00f3nico y algas marinas<\/strong><br \/>\n&#8211; Previene la <strong>ca\u00edda<\/strong> del cabello.<br \/>\n&#8211; Indicado para cabellos <strong>d\u00e9biles, finos y quebradizos<\/strong><br \/>\n&#8211; <strong>Repara y regenera<\/strong> la barrera protectora de la epidermis<br \/>\n&#8211; Revitaliza y reduce la <strong>irritaci\u00f3n<\/strong> en la piel<br \/>\n&#8211; Su uso regular, <strong>estimula<\/strong> el metabolismo celular y <strong>regenera<\/strong> las fibras capilares<\/p>\n<\/div>\n<p style=\"text-align: justify\">Champ\u00fa antica\u00edda tanto para hombres como para mujeres. Adyuvante para la prevenci\u00f3n de la ca\u00edda del cabello. Para cabellos d\u00e9biles y finos. Un champ\u00fa natural compuesto de algas marinas y \u00e1cido hialur\u00f3nico, el cabello se repara desde el interior, dot\u00e1ndole de una sensaci\u00f3n de relleno y elasticidad a la vez que evita la rotura, sequedad o la p\u00e9rdida de brillo. \u00a0Ayuda a reparar y regenerar la barrera protectora de la epidermis para volverla vital nuevamente y reduce la irritaci\u00f3n de la piel. Usado regularmente, estimula el metabolismo celular y regenera las fibras capilares.<\/p>\n<\/div>\n<\/div>\n","protected":false},"featured_media":10786,"comment_status":"closed","ping_status":"closed","template":"","meta":{"content-type":""},"product_brand":[],"product_cat":[209],"product_tag":[200,205,206,207,176,174,173],"class_list":{"0":"post-21","1":"product","2":"type-product","3":"status-publish","4":"has-post-thumbnail","6":"product_cat-champu","7":"product_tag-champu","8":"product_tag-champu-anticaida","9":"product_tag-champu-para-hombres","10":"product_tag-champu-para-mujeres","11":"product_tag-estimulador-crecimiento","12":"product_tag-irritacion","13":"product_tag-regenerador","15":"first","16":"instock","17":"taxable","18":"shipping-taxable","19":"purchasable","20":"product-type-simple"},"jetpack_sharing_enabled":true,"_links":{"self":[{"href":"https:\/\/store.insparya.es\/index.php?rest_route=\/wp\/v2\/product\/21","targetHints":{"allow":["GET"]}}],"collection":[{"href":"https:\/\/store.insparya.es\/index.php?rest_route=\/wp\/v2\/product"}],"about":[{"href":"https:\/\/store.insparya.es\/index.php?rest_route=\/wp\/v2\/types\/product"}],"replies":[{"embeddable":true,"href":"https:\/\/store.insparya.es\/index.php?rest_route=%2Fwp%2Fv2%2Fcomments&post=21"}],"wp:featuredmedia":[{"embeddable":true,"href":"https:\/\/store.insparya.es\/index.php?rest_route=\/wp\/v2\/media\/10786"}],"wp:attachment":[{"href":"https:\/\/store.insparya.es\/index.php?rest_route=%2Fwp%2Fv2%2Fmedia&parent=21"}],"wp:term":[{"taxonomy":"product_brand","embeddable":true,"href":"https:\/\/store.insparya.es\/index.php?rest_route=%2Fwp%2Fv2%2Fproduct_brand&post=21"},{"taxonomy":"product_cat","embeddable":true,"href":"https:\/\/store.insparya.es\/index.php?rest_route=%2Fwp%2Fv2%2Fproduct_cat&post=21"},{"taxonomy":"product_tag","embeddable":true,"href":"https:\/\/store.insparya.es\/index.php?rest_route=%2Fwp%2Fv2%2Fproduct_tag&post=21"}],"curies":[{"name":"wp","href":"https:\/\/api.w.org\/{rel}","templated":true}]}}