{"id":8584,"date":"2020-08-13T14:26:27","date_gmt":"2020-08-13T12:26:27","guid":{"rendered":"https:\/\/store.insparya.es\/?post_type=product&#038;p=8584"},"modified":"2026-01-05T11:22:07","modified_gmt":"2026-01-05T09:22:07","slug":"champu-anti-caspa","status":"publish","type":"product","link":"https:\/\/store.insparya.es\/?product=champu-anti-caspa","title":{"rendered":"Champ\u00fa anticaspa"},"content":{"rendered":"","protected":false},"excerpt":{"rendered":"<div class=\"elementor-element elementor-element-d851c65 elementor-widget elementor-widget-heading\" data-id=\"d851c65\" data-element_type=\"widget\" data-widget_type=\"heading.default\">\n<div class=\"elementor-widget-container\">\n<div class=\"elementor-element elementor-element-15cab1d elementor-widget elementor-widget-heading\" data-id=\"15cab1d\" data-element_type=\"widget\" data-widget_type=\"heading.default\">\n<div class=\"elementor-widget-container\">\n<h2 class=\"elementor-heading-title elementor-size-default\"><span style=\"color: #bc955c\">Balance<\/span> by Insparya<\/h2>\n<\/div>\n<\/div>\n<div class=\"elementor-element elementor-element-f43a78e elementor-widget elementor-widget-text-editor\" data-id=\"f43a78e\" data-element_type=\"widget\" data-widget_type=\"text-editor.default\">\n<div class=\"elementor-widget-container\">\n<div class=\"elementor-text-editor elementor-clearfix\">\n<p>&#8211; Formulado con <strong>mentol, romero y algas marinas<\/strong><br \/>\n&#8211; Espec\u00edfico para <strong>prevenir<\/strong> la formaci\u00f3n de <strong>caspa<\/strong><br \/>\n&#8211; <strong>Restaurador<\/strong><br \/>\n&#8211; <strong>Purificante<\/strong><br \/>\n&#8211; <b>Refrescante<\/b><br \/>\n&#8211; <strong>Regulador de la oleosidad<\/strong><\/p>\n<\/div>\n<p style=\"text-align: justify\"><strong>Champ\u00fa anticaspa<\/strong>. Posee una acci\u00f3n antis\u00e9ptica local y est\u00e1 indicado para prevenir la formaci\u00f3n de caspa. El Piroctone Olamine, ingrediente activo que protege el cuero cabelludo de los efectos del hongo que provoca la caspa, asociado al Rosmarinus Officinalis, com\u00fanmente conocido como romero, considerado un potente antioxidante natural que tonifica y energiza el cabello, y las algas marinas, ayudan a restaurar el equilibrio microbiano natural de la piel con una acci\u00f3n purificante, regulador de la oleosidad y refrescante.<\/p>\n<\/div>\n<\/div>\n<\/div>\n<\/div>\n","protected":false},"featured_media":10782,"comment_status":"closed","ping_status":"closed","template":"","meta":{"content-type":""},"product_brand":[],"product_cat":[209],"product_tag":[179,200,208,187,173,172],"class_list":{"0":"post-8584","1":"product","2":"type-product","3":"status-publish","4":"has-post-thumbnail","6":"product_cat-champu","7":"product_tag-anti-olosidad","8":"product_tag-champu","9":"product_tag-champu-anticaspa","10":"product_tag-refrescante","11":"product_tag-regenerador","12":"product_tag-reparador","14":"first","15":"instock","16":"featured","17":"taxable","18":"shipping-taxable","19":"purchasable","20":"product-type-simple"},"jetpack_sharing_enabled":true,"_links":{"self":[{"href":"https:\/\/store.insparya.es\/index.php?rest_route=\/wp\/v2\/product\/8584","targetHints":{"allow":["GET"]}}],"collection":[{"href":"https:\/\/store.insparya.es\/index.php?rest_route=\/wp\/v2\/product"}],"about":[{"href":"https:\/\/store.insparya.es\/index.php?rest_route=\/wp\/v2\/types\/product"}],"replies":[{"embeddable":true,"href":"https:\/\/store.insparya.es\/index.php?rest_route=%2Fwp%2Fv2%2Fcomments&post=8584"}],"wp:featuredmedia":[{"embeddable":true,"href":"https:\/\/store.insparya.es\/index.php?rest_route=\/wp\/v2\/media\/10782"}],"wp:attachment":[{"href":"https:\/\/store.insparya.es\/index.php?rest_route=%2Fwp%2Fv2%2Fmedia&parent=8584"}],"wp:term":[{"taxonomy":"product_brand","embeddable":true,"href":"https:\/\/store.insparya.es\/index.php?rest_route=%2Fwp%2Fv2%2Fproduct_brand&post=8584"},{"taxonomy":"product_cat","embeddable":true,"href":"https:\/\/store.insparya.es\/index.php?rest_route=%2Fwp%2Fv2%2Fproduct_cat&post=8584"},{"taxonomy":"product_tag","embeddable":true,"href":"https:\/\/store.insparya.es\/index.php?rest_route=%2Fwp%2Fv2%2Fproduct_tag&post=8584"}],"curies":[{"name":"wp","href":"https:\/\/api.w.org\/{rel}","templated":true}]}}